{"id":134,"date":"2016-11-21T17:38:39","date_gmt":"2016-11-21T17:38:39","guid":{"rendered":"http:\/\/tecnoschooling.net\/?page_id=134"},"modified":"2025-10-03T16:37:21","modified_gmt":"2025-10-03T16:37:21","slug":"acerca-de-manel-moles","status":"publish","type":"page","link":"https:\/\/manelmoles.net\/?page_id=134","title":{"rendered":"Sobre mi"},"content":{"rendered":"<p>He estat pare en cinc ocasions. Tres nois enormes que ja volen sols, encara que de tant en tant tenen algun aterratge for\u00e7\u00f3s, i dues nenes petites amb un cor immens.<\/p>\n<p>Faig de professor de secund\u00e0ria des de fa 16 anys. Vaig arribar de rebot, i m&#8217;he quedat per vocaci\u00f3. Em considero afortunat de poder dedicar-me a aix\u00f2, i crec que s\u00f3c la persona que m\u00e9s apr\u00e9n a les meves classes.<\/p>\n<p>Tot i aix\u00f2, la meva professi\u00f3 i all\u00f2 que m&#8217;ha definit durant anys \u00e9s el desenvolupament de software inform\u00e0tic. Al llarg dels 31 anys que he dedicat a aquesta tasca, he treballat per a m\u00e9s de 100 empreses i he participat en prop de 400 projectes de desenvolupament de software.<\/p>\n<p>Per\u00f2 un bon dia vaig descobrir que el cervell hum\u00e0 \u00e9s bastant m\u00e9s interessant que els ordinadors&#8230; Vaig comen\u00e7ar a estudiar psicologia, i 15 anys, tres plans d&#8217;estudis i dues universitats diferents, encara continuo gaudint de la carrera, encara que potser ja va arribant el moment d&#8217;acabar-la.<\/p>\n<p>He estat pare unschooler dels meus tres primers fills al llarg de vuit incre\u00efbles anys. Aquests nens ara ja s\u00f3n adults, i em van sorprendre amb uns resultats acad\u00e8mics inesperadament impressionants quan es van incorporar al sistema educatiu ja en l&#8217;etapa postobligat\u00f2ria.<\/p>\n<p>En aquella \u00e8poca unschooler vaig publicar diversos llibres i un bon grapadet d&#8217;articles sobre l&#8217;educaci\u00f3. Va ser una \u00e8poca vital molt intensa, que va acabar bruscament amb la ruptura amb la mare dels meus fills.<\/p>\n<p>Ara, onze anys despr\u00e9s, el naixement de les meves filles Ona i Gaia ha tornat a encendre la guspira de la meva passi\u00f3 per l&#8217;\u00e9sser hum\u00e0 i per com acompanyem els nostres infants.<\/p>\n<p>Tots aquests anys, totes aquestes experi\u00e8ncies m&#8217;han ensenyat moltes coses. T\u00e8cniques, estrat\u00e8gies, aprenentatges que estic desitjant compartir amb tu. Per\u00f2 sobretot he apr\u00e9s un punt clau: no hi ha &#8216;secret ingredient&#8217;, no hi ha una clau m\u00e0gica, una forma perfecta de fer les coses. N&#8217;hi ha moltes, molt\u00edsimes, tantes com fills i filles. Tantes com mares i pares.<\/p>\n<p>Tenim molta feina a fer. Per\u00f2 \u00e9s una feina meravellosa. Ens hi posem?<\/p>\n","protected":false},"excerpt":{"rendered":"<p>He estat pare en cinc ocasions. Tres nois enormes que ja volen sols, encara que de tant en tant tenen algun aterratge for\u00e7\u00f3s, i dues nenes petites amb un cor immens. Faig de professor de secund\u00e0ria des de fa 16 anys. Vaig arribar de rebot, i m&#8217;he quedat per vocaci\u00f3. Em considero afortunat de poder &hellip; <a href=\"https:\/\/manelmoles.net\/?page_id=134\" class=\"more-link\">Continua la lectura de <span class=\"screen-reader-text\">Sobre mi<\/span> <span class=\"meta-nav\">&rarr;<\/span><\/a><\/p>\n","protected":false},"author":1,"featured_media":0,"parent":0,"menu_order":0,"comment_status":"closed","ping_status":"closed","template":"","meta":{"spay_email":"","footnotes":""},"jetpack_sharing_enabled":true,"jetpack_shortlink":"https:\/\/wp.me\/P7VobJ-2a","_links":{"self":[{"href":"https:\/\/manelmoles.net\/index.php?rest_route=\/wp\/v2\/pages\/134"}],"collection":[{"href":"https:\/\/manelmoles.net\/index.php?rest_route=\/wp\/v2\/pages"}],"about":[{"href":"https:\/\/manelmoles.net\/index.php?rest_route=\/wp\/v2\/types\/page"}],"author":[{"embeddable":true,"href":"https:\/\/manelmoles.net\/index.php?rest_route=\/wp\/v2\/users\/1"}],"replies":[{"embeddable":true,"href":"https:\/\/manelmoles.net\/index.php?rest_route=%2Fwp%2Fv2%2Fcomments&post=134"}],"version-history":[{"count":8,"href":"https:\/\/manelmoles.net\/index.php?rest_route=\/wp\/v2\/pages\/134\/revisions"}],"predecessor-version":[{"id":399,"href":"https:\/\/manelmoles.net\/index.php?rest_route=\/wp\/v2\/pages\/134\/revisions\/399"}],"wp:attachment":[{"href":"https:\/\/manelmoles.net\/index.php?rest_route=%2Fwp%2Fv2%2Fmedia&parent=134"}],"curies":[{"name":"wp","href":"https:\/\/api.w.org\/{rel}","templated":true}]}}