{"id":413,"date":"2025-10-04T20:42:04","date_gmt":"2025-10-04T20:42:04","guid":{"rendered":"https:\/\/manelmoles.net\/?page_id=413"},"modified":"2025-10-04T20:42:04","modified_gmt":"2025-10-04T20:42:04","slug":"acompanyament","status":"publish","type":"page","link":"https:\/\/manelmoles.net\/?page_id=413","title":{"rendered":"Acompanyament"},"content":{"rendered":"\n<p>En la societat de la informaci\u00f3, en el moment hist\u00f2ric en qu\u00e8 m\u00e9s diners es gasten en educaci\u00f3, ens hem oblidat de qu\u00e8 criar un infant \u00e9s realment dif\u00edcil i complexe. <\/p>\n\n\n\n<p>A l&#8217;hora de la veritat, estem sols, bombardejats per consells paternalistes i condescendents que s\u00f3n de ben poca utilitat.<\/p>\n\n\n\n<p>Vull aportar el meu granet de sorra, compartint la meva experi\u00e8ncia i les estrat\u00e8gies que he seguit per superar les dificultats.<\/p>\n\n\n\n<p>Si creus que la meva mentoria, el meu acompanyament et pot servir d&#8217;ajuda, posa&#8217;t en contacte amb mi. <\/p>\n","protected":false},"excerpt":{"rendered":"<p>En la societat de la informaci\u00f3, en el moment hist\u00f2ric en qu\u00e8 m\u00e9s diners es gasten en educaci\u00f3, ens hem oblidat de qu\u00e8 criar un infant \u00e9s realment dif\u00edcil i complexe. A l&#8217;hora de la veritat, estem sols, bombardejats per consells paternalistes i condescendents que s\u00f3n de ben poca utilitat. Vull aportar el meu granet &hellip; <a href=\"https:\/\/manelmoles.net\/?page_id=413\" class=\"more-link\">Continua la lectura de <span class=\"screen-reader-text\">Acompanyament<\/span> <span class=\"meta-nav\">&rarr;<\/span><\/a><\/p>\n","protected":false},"author":1,"featured_media":0,"parent":0,"menu_order":0,"comment_status":"closed","ping_status":"closed","template":"","meta":{"spay_email":"","footnotes":""},"jetpack_sharing_enabled":true,"jetpack_shortlink":"https:\/\/wp.me\/P7VobJ-6F","_links":{"self":[{"href":"https:\/\/manelmoles.net\/index.php?rest_route=\/wp\/v2\/pages\/413"}],"collection":[{"href":"https:\/\/manelmoles.net\/index.php?rest_route=\/wp\/v2\/pages"}],"about":[{"href":"https:\/\/manelmoles.net\/index.php?rest_route=\/wp\/v2\/types\/page"}],"author":[{"embeddable":true,"href":"https:\/\/manelmoles.net\/index.php?rest_route=\/wp\/v2\/users\/1"}],"replies":[{"embeddable":true,"href":"https:\/\/manelmoles.net\/index.php?rest_route=%2Fwp%2Fv2%2Fcomments&post=413"}],"version-history":[{"count":1,"href":"https:\/\/manelmoles.net\/index.php?rest_route=\/wp\/v2\/pages\/413\/revisions"}],"predecessor-version":[{"id":414,"href":"https:\/\/manelmoles.net\/index.php?rest_route=\/wp\/v2\/pages\/413\/revisions\/414"}],"wp:attachment":[{"href":"https:\/\/manelmoles.net\/index.php?rest_route=%2Fwp%2Fv2%2Fmedia&parent=413"}],"curies":[{"name":"wp","href":"https:\/\/api.w.org\/{rel}","templated":true}]}}